{"id":676,"date":"2021-02-02T10:43:28","date_gmt":"2021-02-02T10:43:28","guid":{"rendered":"https:\/\/hotelbartolomeo.com\/?page_id=676"},"modified":"2021-02-02T10:43:28","modified_gmt":"2021-02-02T10:43:28","slug":"normativa-sulluso-dei-cookie","status":"publish","type":"page","link":"https:\/\/hotelbartolomeo.com\/it\/normativa-sulluso-dei-cookie\/","title":{"rendered":"Normativa sull&#8217;uso dei cookie"},"content":{"rendered":"<p>L&#8217;accesso e la navigazione nel sito, o l&#8217;uso dei servizi dello stesso, implicano l&#8217;accettazione delle Condizioni Generali stabilite nel nostro Avviso Legale ( e per tanto della Politica di Privacy e Politica di cookies). Per favore, le legga attentamente.<\/p>\n<p>La ringraziamo della visita. Desideriamo che la sua esperienza nel sito sia la migliore possibile, e per questo motivo abbiamo scritto questa politica di cookie nella forma pi\u00f9 trasparente possibile.<\/p>\n<p><strong><br \/>\nChe cos&#8217;\u00e8 un cookie?<\/strong><\/p>\n<p>I cookie sono file che contengono piccole quantit\u00e0 di informazioni che si scaricano nel dispositivo dell&#8217;utente che si utilizza quando si visita una pagina Web. La sua finalit\u00e0 principale \u00e8 riconoscere l&#8217;utente ogni volta che acceda al nostro sito. Ci permette inoltre di migliorare la qualit\u00e0 e l&#8217;usabilit\u00e0 della nostra pagina Web.<\/p>\n<p>I cookie sono essenziali per il funzionamento di Internet; non danneggiano il dispositivo dell&#8217;utente e, se sono attivati nelle impostazione del tuo browser, ci aiutano a identificare e a risolvere possibili errori di funzionamento del nostro sito.<\/p>\n<p><strong><br \/>\nTipi di cookie<\/strong><\/p>\n<p>Esistono diversi tipi di cookie. Tutti funzionano allo stesso modo, ma hanno delle piccole differenze.<\/p>\n<ul>\n<li><strong>Cookie di sessione:<\/strong>\u00a0i cookie di sessione durano solamente durante la visita e vengono cancellati quando chiudi il browser. La loro finalit\u00e0 principale \u00e8 identificare il tipo di dispositivo, appoggiare la sicurezza della pagina Web o la sua funzionalit\u00e0 basica. Non contengono informazioni personali che ci permettano di identificare una persona.<\/li>\n<li><strong>Cookie persistenti o permanenti<\/strong>: vengono salvati nel disco rigido del dispositivo e la nostra pagina Web li legge ogni volta che visiti il nostro sito; possiedono una data di scadenza determinata, arrivati alla quale smettono di funzionare. Ci permettono di identificare le tue azioni e preferenze; analizzare le visite e ci permettono di comprendere come\u00a0 gli utenti arrivano alla nostra pagina Web e come migliorare i nostri servizi.<\/li>\n<li><strong>Cookie di funzionalit\u00e0:<\/strong>\u00a0permettono al nostro sito\u00a0di ricordare decisioni adottate dall&#8217;utente, come il login. Le informazioni che questi cookie raccolgono si anonimizzano, ci\u00f2 significa che non contengono il tuo nome, indirizzo o altri dati.<\/li>\n<li><strong>Cookie di terzi:<\/strong>\u00a0i cookie di terzi sono i cookie che installa un sito che non stai visitando; per esempio, quelli usati da reti sociali (come Facebook) o da complementi esterni di contenuto (come Google Maps). Inoltre, alcune imprese di pubblicit\u00e0 usano questi tipi di file per seguire le tue visite nei diversi siti che visiti.<\/li>\n<li>Cookie analitici: sono cookie che hanno come finalit\u00e0 il mantenimento periodico e garantire il miglior funzionamento e servizio all&#8217;utente;<\/li>\n<li><strong>Altri cookie di terzi:<\/strong>\u00a0il sito Web usa anche connettori con reti sociali (Facebook,Twitter, Likedin, YouTube, Pinterest ecc.) che utilizzano cookie che conservano le informazioni degli utenti. Questi cookie non sono controllati da questo sito Web. Per maggiori informazioni sui cookie delle reti sociali si consiglia di revisionare le loro politiche di cookie.<\/li>\n<\/ul>\n<p><strong>Uso di cookie da parte del nostro sito<\/strong><\/p>\n<p>Tramite l&#8217;accesso al nostro sito, accetti in maniera espressa il fatto che possiamo usare questi tipi di cookie sui tuoi dispositivi. Se disattivi i cookie, pu\u00f2 essere che la tua navigazione nel nostro sito\u00a0non sia perfetta e alcune delle utilit\u00e0 che dispone non funzionino correttamente.<\/p>\n<p><strong>a) Cookie di terzi, Cookie di Google Analytics<\/strong><\/p>\n<p>Il sito utilizza il servizio Google Analytics, prestato da Google,\u00a0 Inc., entit\u00e0 la cui base principale si trova a 1600 Amphiteathre Parkway, Mountain View (California), Ca 94043, Stati Uniti (&#8220;Google&#8221;).<\/p>\n<p>Google Analytics utilizza i cookie per aiutarci ad analizzare l&#8217;uso del sito da parte degli utenti. Le informazioni che il cookie genera sul tuo uso del sito (includendo il tuo indirizzo IP) sar\u00e0 direttamente trasmessa e archiviata da Google nei suoi server negli Stati Uniti. Google user\u00e0 queste informazioni da parte nostra con il proposito di seguire le tracce del tuo uso sul sito, compilando rapporti sull&#8217;attivit\u00e0 nel sito e prestando altri servizi relazioni all&#8217;attivit\u00e0 del sito e l&#8217;uso di internet. Google potr\u00e0 trasmettere tali informazioni a terzi quando richiesto dalla legislazione, o quando tali terzi elaborino i dati per conto di Google. Google non associer\u00e0 il tuo indirizzo IP a nessun altro dato di cui disponga.<\/p>\n<p>Se lo desideri potrai rifiutare il trattamento dei dati o delle informazioni rifiutando l&#8217;uso dei cookie tramite la selezione delle impostazioni appropriate del tuo browser. Nonostante ci\u00f2, \u00e8 possibile che non potrai utilizzare appieno le funzionalit\u00e0 di questo sito. Utilizzando questo sito acconsenti al trattamento delle tue informazioni da parte di Google nel modo e per i fini sopra indicati.<\/p>\n<p>Nome dei cookie:<\/p>\n<p><em id=\"__mceDel\">-utma<br \/>\n-utmb<br \/>\n-utmc<br \/>\n-utmv<br \/>\n-utmz<\/em><\/p>\n<p>Obiettivi dei cookie:<\/p>\n<p>I cookie di Google Analytics generano un ID di utente anonimo, che si utilizza per contare quante volte lo stesso visita il nostro sito. Registra anche quando \u00e8 stata la prima e l&#8217;ultima volta in cui \u00e8 stata visitata la pagina. Calcola inoltre quando la sessione \u00e8 terminata, l&#8217;origine dell&#8217;utente e la keyword.<\/p>\n<p><strong><br \/>\nImpostazioni per evitare cookie<\/strong><\/p>\n<p>Dal nostro sito e in accordo con la normativa legale vigente, mettiamo a tua disposizione le informazioni che ti permettono di configurare il tuo browser per mantenere la tua privacy e sicurezza in relazioni ai cookie. Perci\u00f2 ti forniamo le informazioni e collegamenti ai siti ufficiali di supporto dei principali browser perch\u00e8 tu possa decidere di accettare o no l&#8217;uso dei cookie.<\/p>\n<p>Potrai cos\u00ec bloccare i cookie attraverso gli strumenti e le impostazioni del browser o configurarlo in modo che ti avvisi quando un server vuole salvare un cookie.<\/p>\n<p>&#8211; Se utilizzi Microsoft Internet Explorer, nelle opzioni del men\u00f9 Strumenti &gt; Opzioni Internet &gt; Privacy &gt; Configurazioni. Per saperne di pi\u00f9 visita\u00a0<a href=\"https:\/\/web.archive.org\/web\/20200530073314\/http:\/\/windows.microsoft.com\/it-it\/windows-vista\/block-or-allow-cookies\" target=\"_blank\" rel=\"noopener\">questo link<\/a>\u00a0e\u00a0<a href=\"https:\/\/web.archive.org\/web\/20200530073314\/http:\/\/windows.microsoft.com\/it-it\/windows7\/how-to-manage-cookies-in-internet-explorer-9\" target=\"_blank\" rel=\"noopener\">questo<\/a><br \/>\n&#8211; Se utilizzi Firefox, nelle opzioni del men\u00f9 Strumenti &gt; Opzioni &gt; Privacy &gt; Cookie. Per saperne di pi\u00f9 visita\u00a0<a href=\"https:\/\/web.archive.org\/web\/20200530073314\/https:\/\/support.mozilla.org\/it\/kb\/Attivare%20e%20disattivare%20i%20cookie\" target=\"_blank\" rel=\"noopener\">questo link<\/a><br \/>\n&#8211; Se utilizzi Chrome, nella sezione Opzioni &gt; opzioni avanzate &gt; privacy. Per saperne di pi\u00f9 visita\u00a0<a href=\"https:\/\/web.archive.org\/web\/20200530073314\/https:\/\/support.google.com\/chrome\/answer\/95647?hl=it\" target=\"_blank\" rel=\"noopener\">questo link<\/a><br \/>\n&#8211; Se utilizzi Opera, nelle opzioni di Sicurezza e Privacy potrai configurare il browser. Per saperne di pi\u00f9 visita\u00a0<a href=\"https:\/\/web.archive.org\/web\/20200530073314\/http:\/\/www.opera.com\/help\/tutorials\/security\/cookies\/\" target=\"_blank\" rel=\"noopener\">questo link<\/a>\u00a0o questo\u00a0<a href=\"https:\/\/web.archive.org\/web\/20200530073314\/http:\/\/www.opera.com\/help\/tutorials\/security\/cookies\/\" target=\"_blank\" rel=\"noopener\">link<\/a><\/p>\n","protected":false},"excerpt":{"rendered":"<p>L&#8217;accesso e la navigazione nel sito, o l&#8217;uso dei servizi dello stesso, implicano l&#8217;accettazione delle [&hellip;]<\/p>\n","protected":false},"author":1,"featured_media":0,"parent":0,"menu_order":3,"comment_status":"closed","ping_status":"closed","template":"","meta":[],"_links":{"self":[{"href":"https:\/\/hotelbartolomeo.com\/it\/wp-json\/wp\/v2\/pages\/676\/"}],"collection":[{"href":"https:\/\/hotelbartolomeo.com\/it\/wp-json\/wp\/v2\/pages\/"}],"about":[{"href":"https:\/\/hotelbartolomeo.com\/it\/wp-json\/wp\/v2\/types\/page\/"}],"author":[{"embeddable":true,"href":"https:\/\/hotelbartolomeo.com\/it\/wp-json\/wp\/v2\/users\/1\/"}],"replies":[{"embeddable":true,"href":"https:\/\/hotelbartolomeo.com\/it\/wp-json\/wp\/v2\/comments\/?post=676"}],"version-history":[{"count":1,"href":"https:\/\/hotelbartolomeo.com\/it\/wp-json\/wp\/v2\/pages\/676\/revisions\/"}],"predecessor-version":[{"id":677,"href":"https:\/\/hotelbartolomeo.com\/it\/wp-json\/wp\/v2\/pages\/676\/revisions\/677\/"}],"wp:attachment":[{"href":"https:\/\/hotelbartolomeo.com\/it\/wp-json\/wp\/v2\/media\/?parent=676"}],"curies":[{"name":"wp","href":"https:\/\/api.w.org\/{rel}","templated":true}]}}