{"id":261,"date":"2017-04-26T09:06:44","date_gmt":"2017-04-26T09:06:44","guid":{"rendered":"https:\/\/www.hotelbartolomeo.com\/posizione\/"},"modified":"2018-03-23T09:50:54","modified_gmt":"2018-03-23T09:50:54","slug":"posizione","status":"publish","type":"page","link":"https:\/\/hotelbartolomeo.com\/fr\/posizione\/","title":{"rendered":"Posizione"},"content":{"rendered":"<h3>Depuis la gare feroviaire Santa Lucia :<\/h3>\n<p>\u00e0 la sortie de la gare ferroviaire vous trouverez tous les services de transports publics. Pour la direction du Rialto, vous pouvez prendre la ligne 1 ou 2 dont la fr\u00e9quence est toutes les 10 minutes.<br \/>\nNous vous conseillons la ligne 2 direction du Rialto, o\u00f9 vous devrez descendre \u00e0 l&#8217;arr\u00eat Rialto.<br \/>\nPour vous rendre \u00e0 notre h\u00f4tel situ\u00e9 dans une typique ruelle v\u00e9nitienne, nous vous prions de bien vouloir consulter le plan ci-dessous.<\/p>\n<h3>Depuis l&#8217;a\u00e9roport Marco Polo :<\/h3>\n<p>vous avez plusieurs possibilit\u00e9s, dont voici le d\u00e9tail :<br \/>\n* le service public de transports (autobus ACTV) ligne n\u00b05, descendre au terminus Piazzale Roma ;<\/p>\n<p>* la navette Schuttle de la compagnie ATVO  qui vous conduira directement Piazzale Roma.<\/p>\n<p>Ensuite vous devrez vous diriger vers la station de vaporetto, et prendre, comme indiqu\u00e9 ci-dessus la ligne 2, direction Rialto. Pour vous rendre \u00e0 notre h\u00f4tel voir le plan indiqu\u00e9 plus haut.<\/p>\n<p>*la navette maritime &#8220;linea arancio Alilaguna&#8221; propose des d\u00e9parts fr\u00e9quents et une arriv\u00e9e au Rialto, solution la plus pratique.  Pour les horaires et les tarifs, nous vous conseillons de consulter leur site \u00a0www.alilaguna.it <\/p>\n<p>* le service de taxi maritime qui vous d\u00e9posera directement sur le quai proche de l&#8217;h\u00f4tel. Toutefois, ce service est rapide mais co\u00fbteux.<\/p>\n<h3>Par la route :<\/h3>\n<p>\u00e0 la sortie &#8220;dei caselli&#8221; de Mestre, suivre les indications pour &#8220;Venezia centro storico&#8221;. Apr\u00e8s avoir tranvers\u00e9 le Pont de la Libert\u00e9, qui relie la terre ferme \u00e0 Venise, vous aurez la possibilit\u00e9 de garer votre voiture, en suivant les indications routi\u00e8res, soit au parking du Tronchetto, soit au parking de la Piazzale Roma.<br \/>\nApr\u00e8s avoir laiss\u00e9 au parking votre v\u00e9hicule, vous vous dirigerez vers l&#8217;arr\u00eat des lignes de vaporetto 1 ou 2 du service maritime, situ\u00e9es \u00e0 environ 50 m\u00e8tres des caisses.<\/p>\n<p>Nous vous conseillons la ligne 2 direction du Rialto, vous devrez descendre \u00e0 l&#8217;arr\u00eat Rialto.<\/p>\n<p>Pour vous rendre \u00e0 notre h\u00f4tel voir le plan indiqu\u00e9 plus haut.<\/p>\n<p><a href=\"https:\/\/www.hotelbartolomeo.com\/content\/uploads\/2017\/04\/MAPPA.new_.jpg\" data-rel=\"lightbox-image-0\" data-rl_title=\"\" data-rl_caption=\"\" title=\"\"><img loading=\"lazy\" class=\"alignleft wp-image-72 \" src=\"https:\/\/www.hotelbartolomeo.com\/content\/uploads\/2017\/04\/MAPPA.new_-300x180.jpg\" alt=\"\" width=\"580\" height=\"348\" srcset=\"https:\/\/hotelbartolomeo.com\/content\/uploads\/2017\/04\/MAPPA.new_-300x180.jpg 300w, https:\/\/hotelbartolomeo.com\/content\/uploads\/2017\/04\/MAPPA.new_-768x461.jpg 768w, https:\/\/hotelbartolomeo.com\/content\/uploads\/2017\/04\/MAPPA.new_.jpg 1000w\" sizes=\"(max-width: 580px) 100vw, 580px\" \/><\/a><\/p>\n<p>&nbsp;<\/p>\n","protected":false},"excerpt":{"rendered":"<p>Depuis la gare feroviaire Santa Lucia : \u00e0 la sortie de la gare ferroviaire vous [&hellip;]<\/p>\n","protected":false},"author":1,"featured_media":0,"parent":0,"menu_order":28,"comment_status":"closed","ping_status":"closed","template":"page-map.php","meta":[],"_links":{"self":[{"href":"https:\/\/hotelbartolomeo.com\/fr\/wp-json\/wp\/v2\/pages\/261\/"}],"collection":[{"href":"https:\/\/hotelbartolomeo.com\/fr\/wp-json\/wp\/v2\/pages\/"}],"about":[{"href":"https:\/\/hotelbartolomeo.com\/fr\/wp-json\/wp\/v2\/types\/page\/"}],"author":[{"embeddable":true,"href":"https:\/\/hotelbartolomeo.com\/fr\/wp-json\/wp\/v2\/users\/1\/"}],"replies":[{"embeddable":true,"href":"https:\/\/hotelbartolomeo.com\/fr\/wp-json\/wp\/v2\/comments\/?post=261"}],"version-history":[{"count":3,"href":"https:\/\/hotelbartolomeo.com\/fr\/wp-json\/wp\/v2\/pages\/261\/revisions\/"}],"predecessor-version":[{"id":543,"href":"https:\/\/hotelbartolomeo.com\/fr\/wp-json\/wp\/v2\/pages\/261\/revisions\/543\/"}],"wp:attachment":[{"href":"https:\/\/hotelbartolomeo.com\/fr\/wp-json\/wp\/v2\/media\/?parent=261"}],"curies":[{"name":"wp","href":"https:\/\/api.w.org\/{rel}","templated":true}]}}