{"id":255,"date":"2017-04-27T14:41:41","date_gmt":"2017-04-27T14:41:41","guid":{"rendered":"https:\/\/www.hotelbartolomeo.com\/camere\/"},"modified":"2026-01-16T12:35:48","modified_gmt":"2026-01-16T12:35:48","slug":"rooms","status":"publish","type":"page","link":"https:\/\/hotelbartolomeo.com\/fr\/rooms\/","title":{"rendered":"Rooms"},"content":{"rendered":"<p>Meubl\u00e9es avec go\u00fbt et \u00e9l\u00e9gance, vous appr\u00e9cierez le confort moderne et chaleureux de nos chambres.<\/p>\n<p>Toutes nos chambres ont une salle de bain avec baignoire ou douche, wc, et sont \u00e9quip\u00e9es de l&#8217;air conditionn\u00e9, d&#8217;un t\u00e9l\u00e9phone direct, d&#8217;un s\u00e8che-cheveux, de la tv par satellite, d&#8217;un coffre-fort \u00e0 combinaison digitale, d&#8217;un mini bar, et du wifi gratuit.<\/p>\n<p>Cette ambiance agr\u00e9able et reposante fera de votre s\u00e9jour un moment inoubliable<\/p>\n<div class=\"personal-g\"><div class=\"col-xs-6 col-sm-4 nopadding\"><a class=\"personal-g-img\" title=\"\" rel=\"lightbox[gallery-69e62bbab61ce]\" href=\"https:\/\/hotelbartolomeo.com\/content\/uploads\/2026\/01\/063-camera101.jpg\"><strong style=\"background-image:url(https:\/\/hotelbartolomeo.com\/content\/uploads\/2026\/01\/063-camera101-395x255.jpg)\"><\/strong><img src=\"https:\/\/hotelbartolomeo.com\/content\/uploads\/2026\/01\/063-camera101-395x255.jpg\" alt=\"\" \/><\/a><\/div><div class=\"col-xs-6 col-sm-4 nopadding\"><a class=\"personal-g-img\" title=\"\" rel=\"lightbox[gallery-69e62bbab61ce]\" href=\"https:\/\/hotelbartolomeo.com\/content\/uploads\/2026\/01\/007-camera404.jpg\"><strong style=\"background-image:url(https:\/\/hotelbartolomeo.com\/content\/uploads\/2026\/01\/007-camera404-395x255.jpg)\"><\/strong><img src=\"https:\/\/hotelbartolomeo.com\/content\/uploads\/2026\/01\/007-camera404-395x255.jpg\" alt=\"\" \/><\/a><\/div><div class=\"col-xs-6 col-sm-4 nopadding\"><a class=\"personal-g-img\" title=\"\" rel=\"lightbox[gallery-69e62bbab61ce]\" href=\"https:\/\/hotelbartolomeo.com\/content\/uploads\/2026\/01\/069-camera102.jpg\"><strong style=\"background-image:url(https:\/\/hotelbartolomeo.com\/content\/uploads\/2026\/01\/069-camera102-395x255.jpg)\"><\/strong><img src=\"https:\/\/hotelbartolomeo.com\/content\/uploads\/2026\/01\/069-camera102-395x255.jpg\" alt=\"\" \/><\/a><\/div><div class=\"col-xs-6 col-sm-4 nopadding\"><a class=\"personal-g-img\" title=\"\" rel=\"lightbox[gallery-69e62bbab61ce]\" href=\"https:\/\/hotelbartolomeo.com\/content\/uploads\/2026\/01\/056-camera207.jpg\"><strong style=\"background-image:url(https:\/\/hotelbartolomeo.com\/content\/uploads\/2026\/01\/056-camera207-395x255.jpg)\"><\/strong><img src=\"https:\/\/hotelbartolomeo.com\/content\/uploads\/2026\/01\/056-camera207-395x255.jpg\" alt=\"\" \/><\/a><\/div><div class=\"col-xs-6 col-sm-4 nopadding\"><a class=\"personal-g-img\" title=\"\" rel=\"lightbox[gallery-69e62bbab61ce]\" href=\"https:\/\/hotelbartolomeo.com\/content\/uploads\/2026\/01\/021-camera402.jpg\"><strong style=\"background-image:url(https:\/\/hotelbartolomeo.com\/content\/uploads\/2026\/01\/021-camera402-395x255.jpg)\"><\/strong><img src=\"https:\/\/hotelbartolomeo.com\/content\/uploads\/2026\/01\/021-camera402-395x255.jpg\" alt=\"\" \/><\/a><\/div><div class=\"col-xs-6 col-sm-4 nopadding\"><a class=\"personal-g-img\" title=\"\" rel=\"lightbox[gallery-69e62bbab61ce]\" href=\"https:\/\/hotelbartolomeo.com\/content\/uploads\/2026\/01\/036-camera303.jpg\"><strong style=\"background-image:url(https:\/\/hotelbartolomeo.com\/content\/uploads\/2026\/01\/036-camera303-395x255.jpg)\"><\/strong><img src=\"https:\/\/hotelbartolomeo.com\/content\/uploads\/2026\/01\/036-camera303-395x255.jpg\" alt=\"\" \/><\/a><\/div><div class=\"col-xs-6 col-sm-4 nopadding\"><a class=\"personal-g-img\" title=\"\" rel=\"lightbox[gallery-69e62bbab61ce]\" href=\"https:\/\/hotelbartolomeo.com\/content\/uploads\/2026\/01\/030-camera306.jpg\"><strong style=\"background-image:url(https:\/\/hotelbartolomeo.com\/content\/uploads\/2026\/01\/030-camera306-395x255.jpg)\"><\/strong><img src=\"https:\/\/hotelbartolomeo.com\/content\/uploads\/2026\/01\/030-camera306-395x255.jpg\" alt=\"\" \/><\/a><\/div><div class=\"col-xs-6 col-sm-4 nopadding\"><a class=\"personal-g-img\" title=\"\" rel=\"lightbox[gallery-69e62bbab61ce]\" href=\"https:\/\/hotelbartolomeo.com\/content\/uploads\/2026\/01\/020-camera402.jpg\"><strong style=\"background-image:url(https:\/\/hotelbartolomeo.com\/content\/uploads\/2026\/01\/020-camera402-395x255.jpg)\"><\/strong><img src=\"https:\/\/hotelbartolomeo.com\/content\/uploads\/2026\/01\/020-camera402-395x255.jpg\" alt=\"\" \/><\/a><\/div><div class=\"col-xs-6 col-sm-4 nopadding\"><a class=\"personal-g-img\" title=\"\" rel=\"lightbox[gallery-69e62bbab61ce]\" href=\"https:\/\/hotelbartolomeo.com\/content\/uploads\/2026\/01\/104-camera202.jpg\"><strong style=\"background-image:url(https:\/\/hotelbartolomeo.com\/content\/uploads\/2026\/01\/104-camera202-395x255.jpg)\"><\/strong><img src=\"https:\/\/hotelbartolomeo.com\/content\/uploads\/2026\/01\/104-camera202-395x255.jpg\" alt=\"\" \/><\/a><\/div><\/div>\n","protected":false},"excerpt":{"rendered":"<p>Meubl\u00e9es avec go\u00fbt et \u00e9l\u00e9gance, vous appr\u00e9cierez le confort moderne et chaleureux de nos chambres. [&hellip;]<\/p>\n","protected":false},"author":1,"featured_media":0,"parent":0,"menu_order":48,"comment_status":"closed","ping_status":"closed","template":"page-left.php","meta":[],"_links":{"self":[{"href":"https:\/\/hotelbartolomeo.com\/fr\/wp-json\/wp\/v2\/pages\/255\/"}],"collection":[{"href":"https:\/\/hotelbartolomeo.com\/fr\/wp-json\/wp\/v2\/pages\/"}],"about":[{"href":"https:\/\/hotelbartolomeo.com\/fr\/wp-json\/wp\/v2\/types\/page\/"}],"author":[{"embeddable":true,"href":"https:\/\/hotelbartolomeo.com\/fr\/wp-json\/wp\/v2\/users\/1\/"}],"replies":[{"embeddable":true,"href":"https:\/\/hotelbartolomeo.com\/fr\/wp-json\/wp\/v2\/comments\/?post=255"}],"version-history":[{"count":3,"href":"https:\/\/hotelbartolomeo.com\/fr\/wp-json\/wp\/v2\/pages\/255\/revisions\/"}],"predecessor-version":[{"id":740,"href":"https:\/\/hotelbartolomeo.com\/fr\/wp-json\/wp\/v2\/pages\/255\/revisions\/740\/"}],"wp:attachment":[{"href":"https:\/\/hotelbartolomeo.com\/fr\/wp-json\/wp\/v2\/media\/?parent=255"}],"curies":[{"name":"wp","href":"https:\/\/api.w.org\/{rel}","templated":true}]}}