{"id":248,"date":"2017-04-19T08:25:43","date_gmt":"2017-04-19T08:25:43","guid":{"rendered":"https:\/\/www.hotelbartolomeo.com\/cesare\/"},"modified":"2018-03-23T09:25:23","modified_gmt":"2018-03-23T09:25:23","slug":"cesare","status":"publish","type":"page","link":"https:\/\/hotelbartolomeo.com\/fr\/","title":{"rendered":"Hotel Bartolomeo Venise"},"content":{"rendered":"<p>Situ\u00e9 dans le centre historique de Venise, \u00e0 quelques pas du Pont du Rialto et seulement \u00e0 10 minutes de la Place Saint-Marc, l&#8217;h\u00f4tel Bartolomeo est le point de d\u00e9part pour visiter les merveilles de notre cit\u00e9. C&#8217;est dans une atmosph\u00e8re unique, d&#8217;art et d&#8217;histoire, que vous d\u00e9couvrirez les charmes de la lagune.<\/p>\n<p>Chaleureuses et fonctionnelles, les chambres avec wc salle de bain avec baignoire ou douche, sont toutes \u00e9quip\u00e9es de l&#8217;air conditionn\u00e9, d&#8217;un t\u00e9l\u00e9phone direct, d&#8217;un s\u00e8che-cheveux, de la tv par satellite, d&#8217;un coffre-fort \u00e0 combinaison digitale, d&#8217;un mini bar, et d&#8217;un espace wifi.<\/p>\n<p>Parmi les <strong>h\u00f4tels de Venise avec ascenseur<\/strong> l\u2019H\u00f4tel Bartolomeo se distingue par la pr\u00e9sence de son personnel multilingue qui sera heureux de vous faire d\u00e9couvrir tous les secrets de Venise.<\/p>\n<p>L&#8217;h\u00f4tel offre un service de r\u00e9ception 24 h \/ 24 h.<\/p>\n<p>Dans une ambiance amicale et familiale, toute l&#8217;\u00e9quipe du Bartolomeo est \u00e0 votre service pour r\u00e9pondre \u00e0 vos attentes.<\/p>\n<p>L&#8217;h\u00f4tel Bartolomeo est la solution id\u00e9ale pour passer un agr\u00e9able s\u00e9jour v\u00e9nitien.<\/p>\n<p><script src=\"\/\/widget.customer-alliance.com\/reviews\/js\/standard\/5a1f1edfd7d33d7a.js\" async><\/script><\/p>\n","protected":false},"excerpt":{"rendered":"<p>Situ\u00e9 dans le centre historique de Venise, \u00e0 quelques pas du Pont du Rialto et [&hellip;]<\/p>\n","protected":false},"author":1,"featured_media":0,"parent":0,"menu_order":59,"comment_status":"closed","ping_status":"closed","template":"","meta":[],"_links":{"self":[{"href":"https:\/\/hotelbartolomeo.com\/fr\/wp-json\/wp\/v2\/pages\/248\/"}],"collection":[{"href":"https:\/\/hotelbartolomeo.com\/fr\/wp-json\/wp\/v2\/pages\/"}],"about":[{"href":"https:\/\/hotelbartolomeo.com\/fr\/wp-json\/wp\/v2\/types\/page\/"}],"author":[{"embeddable":true,"href":"https:\/\/hotelbartolomeo.com\/fr\/wp-json\/wp\/v2\/users\/1\/"}],"replies":[{"embeddable":true,"href":"https:\/\/hotelbartolomeo.com\/fr\/wp-json\/wp\/v2\/comments\/?post=248"}],"version-history":[{"count":3,"href":"https:\/\/hotelbartolomeo.com\/fr\/wp-json\/wp\/v2\/pages\/248\/revisions\/"}],"predecessor-version":[{"id":537,"href":"https:\/\/hotelbartolomeo.com\/fr\/wp-json\/wp\/v2\/pages\/248\/revisions\/537\/"}],"wp:attachment":[{"href":"https:\/\/hotelbartolomeo.com\/fr\/wp-json\/wp\/v2\/media\/?parent=248"}],"curies":[{"name":"wp","href":"https:\/\/api.w.org\/{rel}","templated":true}]}}